{"id":2353,"date":"2018-11-23T07:04:46","date_gmt":"2018-11-23T06:04:46","guid":{"rendered":"https:\/\/www.diebestieschlaeft.de\/?page_id=2353"},"modified":"2021-07-16T14:39:40","modified_gmt":"2021-07-16T12:39:40","slug":"datenschutz","status":"publish","type":"page","link":"https:\/\/www.diebestieschlaeft.de\/?page_id=2353","title":{"rendered":"Datenschutz"},"content":{"rendered":"<section id=\"bt_section69ef675987003\"  class=\"boldSection topSmallSpaced btDarkSkin gutter inherit bt_bb_hidden_md bt_bb_hidden_lg headline-color\" style=\"background-color:rgb(221,0,0);\"><div class=\"port\"><div class=\"boldCell\"><div class=\"boldCellInner\"><div class=\"boldRow  \" ><div class=\"boldRowInner\"><div class=\"rowItem col-md-12 col-ms-12  btTextLeft inherit\"  ><div class=\"rowItemContent\" ><div class=\"btIconImageRow\" ><span class=\"btIco btIcoDefaultType btIcoMediumSize btIcoDefaultColor   \" ><a href=\"mailto:info@andreanoack.de\"  target = \"no_target\" data-ico-dg=\"&#xe92a;\" class=\"btIcoHolder\"><em><\/em><span class=\"btIcoText\">Schreib mir eine Mail<\/span><\/a><\/span><\/div><\/div><\/div><\/div><\/div><div class=\"boldRow  \" ><div class=\"boldRowInner\"><div class=\"rowItem col-md-12 col-ms-12  btTextLeft inherit\"  ><div class=\"rowItemContent\" ><div class=\"btIconImageRow\" ><span class=\"btIco btIcoDefaultType btIcoMediumSize btIcoDefaultColor   \" ><a href=\"https:\/\/www.facebook.com\/Andrea-Noack-Autorin-112560883421253\/?modal=admin_todo_tour\"  target = \"no_target\" data-ico-fa=\"&#xf082;\" class=\"btIcoHolder\"><em><\/em><span class=\"btIcoText\">Folge mir auf Facebook<\/span><\/a><\/span><\/div><\/div><\/div><\/div><\/div><div class=\"boldRow  \" ><div class=\"boldRowInner\"><div class=\"rowItem col-md-12 col-ms-12  btTextLeft inherit\"  ><div class=\"rowItemContent\" ><div class=\"btIconImageRow\" ><span class=\"btIco btIcoDefaultType btIcoMediumSize btIcoDefaultColor   \" ><a href=\"https:\/\/www.instagram.com\/diebestieschlaeft\/\"  target = \"no_target\" data-ico-fa=\"&#xf16d;\" class=\"btIcoHolder\"><em><\/em><span class=\"btIcoText\">Folge mir auf Instagram<\/span><\/a><\/span><\/div><div class=\"btClear btSeparator bottomSmallSpaced noBorder leistungy\" ><hr><\/div><\/div><\/div><\/div><\/div><\/div><\/div><\/div><\/section><section id=\"bt_section69ef6759877c8\"  class=\"boldSection topSpaced bottomSpaced btLightSkin gutter inherit headline-color\" style=\"background-color:#ffffff;\"><div class=\"port\"><div class=\"boldCell\"><div class=\"boldCellInner\"><div class=\"boldRow  \" ><div class=\"boldRowInner\"><div class=\"rowItem col-md-12 col-ms-12  btTextLeft animate animate-fadein btTextIndent inherit\"  ><div class=\"rowItemContent\" ><div class=\"btClear btSeparator topExtraSmallSpaced noBorder\" ><hr><\/div><header class=\"header btClear extralarge btDash bottomDash  btAccentDash\" style=\"margin-bottom: 0;\"><div class=\"dash\"><h1><span class=\"headline\">Datenschutzerkl\u00e4rung<\/span><\/h1><\/div><\/header><div class=\"btClear btSeparator topExtraSmallSpaced noBorder\" ><hr><\/div><\/div><\/div><\/div><\/div><div class=\"boldRow  \" ><div class=\"boldRowInner\"><div class=\"rowItem col-md-12 col-ms-12  btTextLeft animate animate-fadein btTextIndent inherit\"  ><div class=\"rowItemContent\" ><div class=\"btClear btSeparator topExtraSmallSpaced noBorder\" ><hr><\/div><div class=\"btText\" ><p><strong data-rich-text-format-boundary=\"true\">Geltungsbereich<\/strong> Diese Datenschutzerkl\u00e4rung soll den Nutzer dieser Website gem\u00e4\u00df Bundesdatenschutzgesetz und Telemediengesetz \u00fcber die Art, den Umfang und den Zweck der Erhebung und Verwendung personenbezogener Daten durch den Websitebetreiber informieren. Der Websitebetreiber nimmt Ihren Datenschutz sehr ernst und behandelt Ihre personenbezogenen Daten vertraulich und entsprechend der gesetzlichen Vorschriften. Bedenken Sie, dass die Daten\u00fcbertragung im Internet grunds\u00e4tzlich mit Sicherheitsl\u00fccken bedacht sein kann. Ein vollumf\u00e4nglicher Schutz vor dem Zugriff durch Fremde ist nicht realisierbar.<br data-rich-text-line-break=\"true\" \/><br data-rich-text-line-break=\"true\" \/><strong>Zugriffsdaten<\/strong> Der Websitebetreiber bzw. der Seitenprovider erhebt Daten \u00fcber Zugriffe auf die Seite und speichert diese als &#8222;Server-Logfiles&#8220; ab. Folgende Daten werden so protokolliert: &#8211; Besuchte Website &#8211; Uhrzeit zum Zeitpunkt des Zugriffs &#8211; Menge der gesendeten Daten in Byte &#8211; Quelle\/Verweis, von welchem Sie auf die Seite gelangten &#8211; Verwendeter Browser &#8211; Verwendetes Betriebssystem &#8211; Verwendete IP-Adresse. Die erhobenen Daten dienen lediglich statistischen Auswertungen und zur Verbesserung der Website. Der Websitebetreiber beh\u00e4lt sich allerdings vor, die Server-Logfiles nachtr\u00e4glich zu pr\u00fcfen, sollten konkrete Anhaltspunkte auf eine rechtswidrige Nutzung hinweisen.<br data-rich-text-line-break=\"true\" \/><br data-rich-text-line-break=\"true\" \/><strong>Cookies<\/strong> Diese Website verwendet Cookies. Dabei handelt es sich um kleine Textdateien, welche auf Ihrem Endger\u00e4t gespeichert werden. Ihr Browser greift auf diese Dateien zu. Durch den Einsatz von Cookies erh\u00f6ht sich die Sicherheit und die Benutzerfreundlichkeit dieser Website. G\u00e4ngige Browser bieten die Einstellungsoption, Cookies nicht zuzulassen. Hinweis: Es ist nicht gew\u00e4hrleistet, dass Sie auf alle Funktionen dieser Website ohne Einschr\u00e4nkungen zugreifen k\u00f6nnen, wenn Sie entsprechende Einstellungen vornehmen.<br data-rich-text-line-break=\"true\" \/><br data-rich-text-line-break=\"true\" \/><strong>Umgang mit personenbezogenen Daten<\/strong> Der Websitebetreiber erhebt, nutzt und gibt Ihre personenbezogenen Daten nur dann weiter, wenn dies im gesetzlichen Rahmen erlaubt ist oder Sie in die Datenerhebung einwilligen. Als personenbezogene Daten gelten s\u00e4mtliche Informationen, welche dazu dienen, Ihre Person zu bestimmen und welche zu Ihnen zur\u00fcckverfolgt werden k\u00f6nnen \u2013 also beispielsweise Ihr Name, ihre E-Mail-Adresse und Telefonnummer.<br data-rich-text-line-break=\"true\" \/><br data-rich-text-line-break=\"true\" \/><strong>Umgang mit Kommentaren und Beitr\u00e4gen<\/strong> Hinterlassen Sie auf dieser Website einen Kommentar, wird Ihre IP-Adresse gespeichert. Dies dient der Sicherheit des Websitebetreibers: Verst\u00f6\u00dft Ihr Text gegen das Recht, m\u00f6chte er dies nachverfolgen k\u00f6nnen.<br data-rich-text-line-break=\"true\" \/><br data-rich-text-line-break=\"true\" \/><strong>Google Analytics<\/strong> Diese Website nutzt den Dienst &#8222;Google Analytics&#8220;, welcher von der Google Inc. (1600 Amphitheatre Parkway Mountain View, CA 94043, USA) angeboten wird, zur Analyse der Websitebenutzung durch Nutzer. Der Dienst verwendet &#8222;Cookies&#8220; \u2013 Textdateien, welche auf Ihrem Endger\u00e4t gespeichert werden. Die durch die Cookies gesammelten Informationen werden im Regelfall an einen Google-Server in den USA gesandt und dort gespeichert. Auf dieser Website greift die IP-Anonymisierung. Die IP-Adresse der Nutzer wird innerhalb der Mitgliedsstaaten der EU und des Europ\u00e4ischen Wirtschaftsraums gek\u00fcrzt. Durch diese K\u00fcrzung entf\u00e4llt der Personenbezug Ihrer IP-Adresse. Im Rahmen der Vereinbarung zur Auftragsdatenvereinbarung, welche die Websitebetreiber mit der Google Inc. geschlossen haben, erstellt diese mithilfe der gesammelten Informationen eine Auswertung der Websitenutzung und der Websiteaktivit\u00e4t und erbringt mit der Internetnutzung verbundene Dienstleistungen. Sie haben die M\u00f6glichkeit, die Speicherung des Cookies auf Ihrem Ger\u00e4t zu verhindern, indem Sie in Ihrem Browser entsprechende Einstellungen vornehmen. Es ist nicht gew\u00e4hrleistet, dass Sie auf alle Funktionen der Website ohne Einschr\u00e4nkungen zugreifen k\u00f6nnen, wenn Ihr Browser keine Cookies zul\u00e4sst. Weiterhin k\u00f6nnen Sie durch ein Browser-Plugin verhindern, dass die durch Cookies gesammelten Informationen (inklusive Ihrer IP-Adresse) an die Google Inc. gesendet wird und von der Google Inc. genutzt werden. Folgender Link f\u00fchrt Sie zu dem entsprechenden Plugin: <a href=\"https:\/\/tools.google.com\/dlpage\/gaoptout?hl=de\">https:\/\/tools.google.com\/dlpage\/gaoptout?hl=de<\/a> <br data-rich-text-line-break=\"true\" \/>Hier finden Sie weitere Informationen zur Datennutzung durch die Google Inc.: <a href=\"https:\/\/support.google.com\/analytics\/answer\/6004245?hl=de\">https:\/\/support.google.com\/analytics\/answer\/6004245?hl=de<\/a><br data-rich-text-line-break=\"true\" \/><br data-rich-text-line-break=\"true\" \/><strong>Rechte des Nutzers: Auskunft, Berichtigung und L\u00f6schung<\/strong> Sie als Nutzer erhalten auf Antrag Ihrerseits kostenlos Auskunft dar\u00fcber, welche personenbezogenen Daten \u00fcber Sie gespeichert wurden. Sofern Ihr Wunsch nicht mit einer gesetzlichen Pflicht zur Aufbewahrung von Daten (z.B. Vorratsdatenspeicherung) kollidiert, haben Sie ein Anrecht auf Berichtigung falscher Daten und auf die Sperrung oder L\u00f6schung Ihrer personenbezogenen Daten.<br data-rich-text-line-break=\"true\" \/><br data-rich-text-line-break=\"true\" \/><strong>Hinweis auf Betroffenenrechte<\/strong> Nach Art. 15 Datenschutzverordnung (EU-DSGVO) besteht ein Anspruch auf kostenlose Auskunft dar\u00fcber, ob personenbezogene Daten der eigenen Person verarbeitet wurden und wenn ja, um welche personenbezogenen Daten es sich hierbei handelt. Dabei kann grunds\u00e4tzlich eine Kopie der Daten verlangt werden, sofern keine gesetzliche Ausnahme eingreift. Sind die Daten unvollst\u00e4ndig oder nicht korrekt, besteht ein Anspruch auf Berichtigung gem\u00e4\u00df Art. 16 EU-DSGVO. Weitere Betroffenenrechte sind: &#8211; Art. 17 EU-DSGVO: L\u00f6schung der eigenen personenbezogenen Daten, wenn ein dort genannter L\u00f6schgrund vorliegt. &#8211; Art. 18 EU-DSGVO: Einschr\u00e4nkung der Verarbeitung der personenbezogenen Daten, wenn ein dort genannter Grund vorliegt. &#8211; Art. 20 EU-DSGVO: \u00dcbertragung der eigenen personenbezogenen Daten zu einem Anbieter, wenn die Verarbeitung aufgrund einer Einwilligung oder aufgrund eines Vertrags beruht. &#8211; Art. 21 EU-DSGVO: Aus Gr\u00fcnden einer pers\u00f6nlichen Situation kann das #Recht auf Widerspruch gegen eine ansonsten legale Verarbeitung von personenbezogenen Daten bestehen. &#8211; Art. 22 EU-DSGVO: R\u00e4umt besondere Betroffenenrechte bei Automatisierten Entscheidungen im Einzelfall einschlie\u00dflich Profiling ein.<br data-rich-text-line-break=\"true\" \/><br data-rich-text-line-break=\"true\" \/><strong>DATENSCHUTZHINWEIS DER VG WORT<\/strong><br data-rich-text-line-break=\"true\" \/><br data-rich-text-line-break=\"true\" \/><strong>Cookies und Meldungen zu Zugriffszahlen<\/strong><br data-rich-text-line-break=\"true\" \/>Wir setzen \u201eSession-Cookies\u201c der VG Wort, M\u00fcnchen, zur Messung von Zugriffen auf Texte ein, um die Kopierwahrscheinlichkeit zu erfassen. Session-Cookies sind kleine Informationseinheiten, die ein Anbieter im Arbeitsspeicher des Computers des Besuchers speichert. In einem Session-Cookie wird eine zuf\u00e4llig erzeugte eindeutige Identifikationsnummer abgelegt, eine sogenannte Session-ID. Au\u00dferdem enth\u00e4lt ein Cookie die Angabe \u00fcber seine Herkunft und die Speicherfrist. Session-Cookies k\u00f6nnen keine anderen Daten speichern. Diese Messungen werden von der INFOnline GmbH nach dem Skalierbaren Zentralen Messverfahren (SZM) durchgef\u00fchrt. Sie helfen dabei, die Kopierwahrscheinlichkeit einzelner Texte zur Verg\u00fctung von gesetzlichen Anspr\u00fcchen von Autoren und Verlagen zu ermitteln. Wir erfassen keine personenbezogenen Daten \u00fcber Cookies.<\/p>\n<p>Viele unserer Seiten sind mit JavaScript-Aufrufen versehen, \u00fcber die wir die Zugriffe an die Verwertungsgesellschaft Wort (VG Wort) melden. Wir erm\u00f6glichen damit, dass unsere Autoren an den Aussch\u00fcttungen der VG Wort partizipieren, die die gesetzliche Verg\u00fctung f\u00fcr die Nutzungen urheberrechtlich gesch\u00fctzter Werke gem. \u00a7 53 UrhG sicherstellen. Eine Nutzung unserer Angebote ist auch ohne Cookies m\u00f6glich. Die meisten Browser sind so eingestellt, dass sie Cookies automatisch akzeptieren. Sie k\u00f6nnen das Speichern von Cookies jedoch deaktivieren oder Ihren Browser so einstellen, dass er Sie benachrichtigt, sobald Cookies gesendet werden.<\/p>\n<p><strong data-rich-text-format-boundary=\"true\">Datenschutzerkl\u00e4rung zur Nutzung des Skalierbaren Zentralen Messverfahrens<\/strong><br data-rich-text-line-break=\"true\" \/>Webangebote <br data-rich-text-line-break=\"true\" \/>Unsere Website und unser mobiles Webangebot nutzen das \u201eSkalierbare Zentrale Messverfahren\u201c (SZM) der INFOnline GmbH (https:\/\/www.infonline.de) f\u00fcr die Ermittlung statistischer Kennwerte zur Ermittlung der Kopierwahrscheinlichkeit von Texten. Dabei werden anonyme Messwerte erhoben. Die Zugriffszahlenmessung verwendet zur Wiedererkennung von Computersystemen alternativ ein Session-Cookie oder eine Signatur, die aus verschiedenen automatisch \u00fcbertragenen Informationen Ihres Browsers erstellt wird. IP-Adressen werden nur in anonymisierter Form verarbeitet. Das Verfahren wurde unter der Beachtung des Datenschutzes entwickelt. Einziges Ziel des Verfahrens ist es, die Kopierwahrscheinlichkeit einzelner Texte zu ermitteln.<\/p>\n<p>Zu keinem Zeitpunkt werden einzelne Nutzer identifiziert. Ihre Identit\u00e4t bleibt immer gesch\u00fctzt. Sie erhalten \u00fcber das System keine Werbung.<\/p>\n<p>Vielen Dank f\u00fcr Ihre Aufmerksamkeit.<\/p>\n<\/div><div class=\"btClear btSeparator topSmallSpaced noBorder\" ><hr><\/div><\/div><\/div><\/div><\/div><\/div><\/div><\/div><\/section>","protected":false},"excerpt":{"rendered":"","protected":false},"author":1,"featured_media":0,"parent":0,"menu_order":0,"comment_status":"closed","ping_status":"closed","template":"","meta":[],"_links":{"self":[{"href":"https:\/\/www.diebestieschlaeft.de\/index.php?rest_route=\/wp\/v2\/pages\/2353"}],"collection":[{"href":"https:\/\/www.diebestieschlaeft.de\/index.php?rest_route=\/wp\/v2\/pages"}],"about":[{"href":"https:\/\/www.diebestieschlaeft.de\/index.php?rest_route=\/wp\/v2\/types\/page"}],"author":[{"embeddable":true,"href":"https:\/\/www.diebestieschlaeft.de\/index.php?rest_route=\/wp\/v2\/users\/1"}],"replies":[{"embeddable":true,"href":"https:\/\/www.diebestieschlaeft.de\/index.php?rest_route=%2Fwp%2Fv2%2Fcomments&post=2353"}],"version-history":[{"count":44,"href":"https:\/\/www.diebestieschlaeft.de\/index.php?rest_route=\/wp\/v2\/pages\/2353\/revisions"}],"predecessor-version":[{"id":4436,"href":"https:\/\/www.diebestieschlaeft.de\/index.php?rest_route=\/wp\/v2\/pages\/2353\/revisions\/4436"}],"wp:attachment":[{"href":"https:\/\/www.diebestieschlaeft.de\/index.php?rest_route=%2Fwp%2Fv2%2Fmedia&parent=2353"}],"curies":[{"name":"wp","href":"https:\/\/api.w.org\/{rel}","templated":true}]}}