{"id":2339,"date":"2018-11-23T06:29:33","date_gmt":"2018-11-23T05:29:33","guid":{"rendered":"https:\/\/www.diebestieschlaeft.de\/?page_id=2339"},"modified":"2021-07-16T14:38:04","modified_gmt":"2021-07-16T12:38:04","slug":"impressum","status":"publish","type":"page","link":"https:\/\/www.diebestieschlaeft.de\/?page_id=2339","title":{"rendered":"Impressum"},"content":{"rendered":"<section id=\"bt_section69f74b39dd3b7\"  class=\"boldSection topSmallSpaced btDarkSkin gutter inherit bt_bb_hidden_md bt_bb_hidden_lg headline-color\" style=\"background-color:rgb(221,0,0);\"><div class=\"port\"><div class=\"boldCell\"><div class=\"boldCellInner\"><div class=\"boldRow  \" ><div class=\"boldRowInner\"><div class=\"rowItem col-md-12 col-ms-12  btTextLeft inherit\"  ><div class=\"rowItemContent\" ><div class=\"btIconImageRow\" ><span class=\"btIco btIcoDefaultType btIcoMediumSize btIcoDefaultColor   \" ><a href=\"mailto:info@andreanoack.de\"  target = \"no_target\" data-ico-dg=\"&#xe92a;\" class=\"btIcoHolder\"><em><\/em><span class=\"btIcoText\">Schreib mir eine Mail<\/span><\/a><\/span><\/div><\/div><\/div><\/div><\/div><div class=\"boldRow  \" ><div class=\"boldRowInner\"><div class=\"rowItem col-md-12 col-ms-12  btTextLeft inherit\"  ><div class=\"rowItemContent\" ><div class=\"btIconImageRow\" ><span class=\"btIco btIcoDefaultType btIcoMediumSize btIcoDefaultColor   \" ><a href=\"https:\/\/www.facebook.com\/Andrea-Noack-Autorin-112560883421253\/?modal=admin_todo_tour\"  target = \"no_target\" data-ico-fa=\"&#xf082;\" class=\"btIcoHolder\"><em><\/em><span class=\"btIcoText\">Folge mir auf Facebook<\/span><\/a><\/span><\/div><\/div><\/div><\/div><\/div><div class=\"boldRow  \" ><div class=\"boldRowInner\"><div class=\"rowItem col-md-12 col-ms-12  btTextLeft inherit\"  ><div class=\"rowItemContent\" ><div class=\"btIconImageRow\" ><span class=\"btIco btIcoDefaultType btIcoMediumSize btIcoDefaultColor   \" ><a href=\"https:\/\/www.instagram.com\/diebestieschlaeft\/\"  target = \"no_target\" data-ico-fa=\"&#xf16d;\" class=\"btIcoHolder\"><em><\/em><span class=\"btIcoText\">Folge mir auf Instagram<\/span><\/a><\/span><\/div><div class=\"btClear btSeparator bottomSmallSpaced noBorder leistungy\" ><hr><\/div><\/div><\/div><\/div><\/div><\/div><\/div><\/div><\/section><section id=\"bt_section69f74b39ddc59\"  class=\"boldSection topSpaced bottomSpaced btLightSkin gutter inherit headline-color\" style=\"background-color:#ffffff;\"><div class=\"port\"><div class=\"boldCell\"><div class=\"boldCellInner\"><div class=\"boldRow  \" ><div class=\"boldRowInner\"><div class=\"rowItem col-md-6 col-sm-12 btTextLeft animate animate-moveright btTextIndent inherit\"  ><div class=\"rowItemContent\" ><div class=\"btClear btSeparator topExtraSmallSpaced noBorder\" ><hr><\/div><header class=\"header btClear extralarge btDash bottomDash  btAccentDash\" style=\"margin-bottom: 0;\"><div class=\"dash\"><h1><span class=\"headline\">Impressum<\/span><\/h1><\/div><\/header><div class=\"btClear btSeparator topExtraSmallSpaced noBorder\" ><hr><\/div><div class=\"btText\" ><p><strong data-rich-text-format-boundary=\"true\">VERANTWORTLICH<\/strong><br data-rich-text-line-break=\"true\" \/><br data-rich-text-line-break=\"true\" \/>Andrea Noack<br data-rich-text-line-break=\"true\" \/>c\/o Agentur Petra Eggers<br data-rich-text-line-break=\"true\" \/>Friedrichstra\u00dfe 133<br data-rich-text-line-break=\"true\" \/>D-10117 Berlin<br data-rich-text-line-break=\"true\" \/>Telefon +49 30 275 950 70<br data-rich-text-line-break=\"true\" \/>info[at]agentur-eggers.de<br data-rich-text-line-break=\"true\" \/><br data-rich-text-line-break=\"true\" \/>Mail an Andrea Noack<br data-rich-text-line-break=\"true\" \/>mail[at]andreanoack.de<br data-rich-text-line-break=\"true\" \/><br data-rich-text-line-break=\"true\" \/>\u00a9 Andrea Noack 2021<br data-rich-text-line-break=\"true\" \/><br data-rich-text-line-break=\"true\" \/>S\u00e4mtliche auf dieser Website ver\u00f6ffentlichten Texte, Bilder und Ideen unterliegen dem Urheberrechtsgesetz (UrhG) und sind urheberrechtlich gesch\u00fctzt. Dies gilt auch dann, wenn die nach Paragraph 2 UrhG erforderliche Sch\u00f6pfungsh\u00f6he nicht erreicht ist. Jede Nachahmung, auch von Teilen, ist unzul\u00e4ssig. Eine Ver\u00f6ffentlichung in anderen Medien ist nur mit dem ausdr\u00fccklichen, schriftlichen Einverst\u00e4ndnis der Autorin gestattet. Direkte Links und das Kopieren f\u00fcr private Zwecke mit Angabe der Quelle sind erlaubt.<br data-rich-text-line-break=\"true\" \/><br data-rich-text-line-break=\"true\" \/>Die verwendeten Bilder sind Privatfotos oder lizenzfreie Fotos von <a href=\"https:\/\/pixabay.com\/de\/\" target=\"_blank\" rel=\"noreferrer noopener\" aria-label=\"Pixabay (\u00f6ffnet in neuem Tab)\">Pixabay<\/a>. Wo m\u00f6glich, hat die Autorin den Namen der Fotografin genannt und einen Link zu ihrer Selbstdarstellung auf <a href=\"https:\/\/pixabay.com\/de\/\" target=\"_blank\" rel=\"noreferrer noopener\" aria-label=\"Pixabay (\u00f6ffnet in neuem Tab)\">Pixabay<\/a> gesetzt.<br data-rich-text-line-break=\"true\" \/><br data-rich-text-line-break=\"true\" \/>Autorenfotos: \u00a9 Urban Zintel<br data-rich-text-line-break=\"true\" \/><br data-rich-text-line-break=\"true\" \/><\/p>\n<\/div><div class=\"btClear btSeparator topSmallSpaced noBorder\" ><hr><\/div><\/div><\/div><div class=\"rowItem col-md-6 col-sm-12 btTextLeft animate animate-moveleft btTextIndent inherit\"  ><div class=\"rowItemContent\" ><div class=\"btClear btSeparator topExtraSmallSpaced noBorder\" ><hr><\/div><header class=\"header btClear extralarge btDash bottomDash  btAccentDash\" style=\"margin-bottom: 0;\"><\/header><div class=\"btClear btSeparator topExtraSmallSpaced noBorder\" ><hr><\/div><div class=\"btText\" ><p>Die auf dieser Website genannten Namen von Personen, Unternehmen, Institutionen, Marken und Produkten sind das gesetztlich gesch\u00fctzte Eigentum der jeweiligen Inhaber. Falls Sie sich in Ihren Rechten verletzt f\u00fchlen, mit der Nennung Ihres Namens oder Ihres Markenzeichens nicht einverstanden sind, benachrichtigen Sie bitte umgehend die Autorin, damit sie Abhilfe schaffen kann: mail[at]andreanoack.de<br data-rich-text-line-break=\"true\" \/><br data-rich-text-line-break=\"true\" \/>Die Texte auf dieser Website geben ausschlie\u00dflich die subjektive und v\u00f6llig unma\u00dfgebliche Meinung der Autorin wieder und erheben keinerlei Anspruch auf Tiefgang, Vollst\u00e4ndigkeit, weltanschauliche, politische oder wissenschaftliche Wahrheit. Fremdes geistiges Eigentum ist durch die ausdr\u00fcckliche Nennung von Quellen gekennzeichnet. Der Autorin liegt es fern, realen oder fiktiven, genannten oder nicht genannten Personen in irgendeiner Form zu nahe zu treten. Deshalb entschuldigt sich die Autorin f\u00fcr jedes erdenkliche Missverst\u00e4ndnis, das diese Website unter noch so absurden Umst\u00e4nden ausl\u00f6sen k\u00f6nnte. Gleichzeitig lehnt die Autorin jegliche Haftung f\u00fcr alle denkbaren Szenarien ab.<br data-rich-text-line-break=\"true\" \/><br data-rich-text-line-break=\"true\" \/>Ferner distanziert sich die Autorin trotz sorgf\u00e4ltiger Pr\u00fcfung ausdr\u00fccklich von den Inhalten fremder Websites, auf die mit einem direkten Link hingewiesen wird, und lehnt jegliche Haftung ab. Zur Zeit der Ver\u00f6ffentlichung lag kein Rechtsversto\u00df vor. Die Autoren dieser Websites sind f\u00fcr deren Inhalte selbst verantwortlich, auch hier lehnt die Autorin jegliche Haftung ab. Diese Website wurde konzipiert und programmiert von<\/p>\n<p><strong>NUILANI | Design und Kommunikation<\/strong><br \/>\nRalf Heller<br \/>\nHeddernheimer Landstrasse 20, 60439 Frankfurt<br \/>\nMobil 0151-15 77 31 02, E-Mail info@nuilani.de<br \/>\nwww.nuilani.de<\/p>\n<\/div><div class=\"btClear btSeparator topSmallSpaced noBorder\" ><hr><\/div><\/div><\/div><\/div><\/div><\/div><\/div><\/div><\/section>","protected":false},"excerpt":{"rendered":"","protected":false},"author":1,"featured_media":0,"parent":0,"menu_order":0,"comment_status":"closed","ping_status":"closed","template":"","meta":[],"_links":{"self":[{"href":"https:\/\/www.diebestieschlaeft.de\/index.php?rest_route=\/wp\/v2\/pages\/2339"}],"collection":[{"href":"https:\/\/www.diebestieschlaeft.de\/index.php?rest_route=\/wp\/v2\/pages"}],"about":[{"href":"https:\/\/www.diebestieschlaeft.de\/index.php?rest_route=\/wp\/v2\/types\/page"}],"author":[{"embeddable":true,"href":"https:\/\/www.diebestieschlaeft.de\/index.php?rest_route=\/wp\/v2\/users\/1"}],"replies":[{"embeddable":true,"href":"https:\/\/www.diebestieschlaeft.de\/index.php?rest_route=%2Fwp%2Fv2%2Fcomments&post=2339"}],"version-history":[{"count":38,"href":"https:\/\/www.diebestieschlaeft.de\/index.php?rest_route=\/wp\/v2\/pages\/2339\/revisions"}],"predecessor-version":[{"id":4435,"href":"https:\/\/www.diebestieschlaeft.de\/index.php?rest_route=\/wp\/v2\/pages\/2339\/revisions\/4435"}],"wp:attachment":[{"href":"https:\/\/www.diebestieschlaeft.de\/index.php?rest_route=%2Fwp%2Fv2%2Fmedia&parent=2339"}],"curies":[{"name":"wp","href":"https:\/\/api.w.org\/{rel}","templated":true}]}}